{"id":28,"date":"2016-10-22T15:12:36","date_gmt":"2016-10-22T13:12:36","guid":{"rendered":"http:\/\/www.oatlas.com\/?page_id=28"},"modified":"2025-06-23T14:28:28","modified_gmt":"2025-06-23T12:28:28","slug":"restauration","status":"publish","type":"page","link":"https:\/\/www.oatlas.com\/en\/catering\/","title":{"rendered":"Catering"},"content":{"rendered":"<p><\/p>\n<h3>Catering O&#8217;Atlas<\/h3>\n<p>The restoration of a hotel must be of the same level as the services offered in the establishment. It is therefore obvious that the restoration O&#8217;Atlas offers a menu of high gastronomy, impeccable service.<\/p>\n<p>The chef offers tasty and authentic cuisine, to enjoy under a beautiful terrace, by the pool.<\/p>\n<div class=\"conteur\">\n<div class=\"international\">\n<h3>Carte international<\/h3>\n<ul>Entr\u00e9es<\/p>\n<li>Salade C\u00e9sar au poulet 100 Dhs<\/li>\n<li>Salade de Ch\u00e8vre Chaud 100 Dhs<\/li>\n<li>Tomate Mozzarella, coulis de basilic 80 Dhs<\/li>\n<li>Nems de poulet 90 Dhs<\/li>\n<li>Carpaccio de B\u0153uf, copeaux de parmesan, huile de Truffe blanche 110 Dhs<\/li>\n<\/ul>\n<ul>Plats<\/p>\n<li>Entrec\u00f4te grill\u00e9e env.300grs 140 Dhs<\/li>\n<li>B\u0153uf saut\u00e9 fa\u00e7on Thai 130 Dhs<\/li>\n<li>Souris d\u2019Agneau pur\u00e9e maison 140 Dhs<\/li>\n<li>Dorade Royale Grill\u00e9e, L\u00e9gumes de saison 160 Dhs<\/li>\n<li>Risotto aux St Jacques, sauce safran\u00e9e 170 Dhs<\/li>\n<\/ul>\n<ul>Desserts<\/p>\n<li>Moelleux au Chocolat, Bole de Glace Vanille 80 Dhs<\/li>\n<li>Macaron glac\u00e9 au Nutella 80 Dhs<\/li>\n<li>Mille Feuilles aux Fruits de saison 80 Dhs<\/li>\n<li>Glaces Maison (3 Boules aux Choix) 80 Dhs<\/li>\n<li>Assiette de Fruits Frais 70 Dhs<\/li>\n<\/ul>\n<\/div>\n<div class=\"marocaine\">\n<h3>Carte Marocaine<\/h3>\n<ul>Entr\u00e9es<\/p>\n<li>Assortiment de Briouates<br \/>\n(Fromage, Viande Hach\u00e9e, Thon) 90 Dhs<\/li>\n<li>Salade Marocaine<br \/>\n(Tomate, Poivrons, Oignons) 70 Dhs<\/li>\n<li>Pastilla Fruits de Mer 100 Dhs<\/li>\n<li>Pastilla au Poulet 90 Dhs<\/li>\n<\/ul>\n<ul>Plats<\/p>\n<li>Tajine de Poulet au Citron 110 Dhs<\/li>\n<li>Tajine Agneaux Abricot et Pruneaux 120 Dhs<\/li>\n<li>Tajine de Kefta aux \u0152ufs 120 Dhs<\/li>\n<li>Tanjia de B\u0153uf 130 Dhs<\/li>\n<li>Couscous Poulet et B\u0153uf (pour 2 pers. Minimum, uniquement sur r\u00e9servation) 140 Dhs<\/li>\n<\/ul>\n<ul>Desserts<\/p>\n<li>Pastilla au lait et Amandes (pour 2 pers. minimum, uniquement sur r\u00e9servation) 80 Dhs<\/li>\n<\/ul>\n<\/div>\n<\/div>\n<p><\/p>","protected":false},"excerpt":{"rendered":"Catering O&#8217;Atlas The restoration of a hotel must be of the same level as the services offered in the establishment. It is therefore obvious that the restoration O&#8217;Atlas offers a menu of high gastronomy, impeccable service. The chef offers tasty and authentic cuisine, to enjoy under a beautiful terrace, by the pool. Carte international Entr\u00e9es&#8230; <a class=\"view-article\" href=\"https:\/\/www.oatlas.com\/en\/catering\/\">View Article<\/a>","protected":false},"author":1,"featured_media":40,"parent":0,"menu_order":0,"comment_status":"closed","ping_status":"closed","template":"template-restauration.php","meta":{"_acf_changed":false,"footnotes":""},"class_list":["post-28","page","type-page","status-publish","has-post-thumbnail","hentry"],"acf":[],"yoast_head":"<!-- This site is optimized with the Yoast SEO plugin v27.4 - https:\/\/yoast.com\/product\/yoast-seo-wordpress\/ -->\n<title>O&#039;Atlas offers a high quality menu and impeccable service O&#039;Atlas offers a high quality menu and impeccable service<\/title>\n<meta name=\"description\" content=\"O&#039;Atlas catering: A high quality menu, The chef offers tasty and authentic cuisine\" \/>\n<meta name=\"robots\" content=\"index, follow, max-snippet:-1, max-image-preview:large, max-video-preview:-1\" \/>\n<meta property=\"og:locale\" content=\"en_US\" \/>\n<meta property=\"og:type\" content=\"article\" \/>\n<meta property=\"og:title\" content=\"O&#039;Atlas offers a high quality menu and impeccable service O&#039;Atlas offers a high quality menu and impeccable service\" \/>\n<meta property=\"og:description\" content=\"O&#039;Atlas catering: A high quality menu, The chef offers tasty and authentic cuisine\" \/>\n<meta property=\"og:url\" content=\"https:\/\/www.oatlas.com\/en\/restauration\/\" \/>\n<meta property=\"og:site_name\" content=\"O&#039;Atlas Marrakech\" \/>\n<meta property=\"article:publisher\" content=\"https:\/\/www.facebook.com\/plagepriveoatlas\/\" \/>\n<meta property=\"article:modified_time\" content=\"2025-06-23T12:28:28+00:00\" \/>\n<meta property=\"og:image\" content=\"https:\/\/www.oatlas.com\/wp-content\/uploads\/2024\/02\/Restauration-oatlas-marrakech-1-scaled.jpg\" \/>\n\t<meta property=\"og:image:width\" content=\"2560\" \/>\n\t<meta property=\"og:image:height\" content=\"1707\" \/>\n\t<meta property=\"og:image:type\" content=\"image\/jpeg\" \/>\n<meta name=\"twitter:card\" content=\"summary_large_image\" \/>\n<meta name=\"twitter:label1\" content=\"Est. reading time\" \/>\n\t<meta name=\"twitter:data1\" content=\"2 minutes\" \/>\n<script type=\"application\/ld+json\" class=\"yoast-schema-graph\">{\"@context\":\"https:\\\/\\\/schema.org\",\"@graph\":[{\"@type\":\"WebPage\",\"@id\":\"https:\\\/\\\/www.oatlas.com\\\/en\\\/restauration\\\/\",\"url\":\"https:\\\/\\\/www.oatlas.com\\\/en\\\/restauration\\\/\",\"name\":\"O'Atlas offers a high quality menu and impeccable service O'Atlas offers a high quality menu and impeccable service\",\"isPartOf\":{\"@id\":\"https:\\\/\\\/www.oatlas.com\\\/en\\\/#website\"},\"primaryImageOfPage\":{\"@id\":\"https:\\\/\\\/www.oatlas.com\\\/en\\\/restauration\\\/#primaryimage\"},\"image\":{\"@id\":\"https:\\\/\\\/www.oatlas.com\\\/restauration\\\/#primaryimage\"},\"thumbnailUrl\":\"https:\\\/\\\/www.oatlas.com\\\/wp-content\\\/uploads\\\/2016\\\/10\\\/restauration.jpg\",\"datePublished\":\"2016-10-22T13:12:36+00:00\",\"dateModified\":\"2025-06-23T12:28:28+00:00\",\"description\":\"O'Atlas catering: A high quality menu, The chef offers tasty and authentic cuisine\",\"breadcrumb\":{\"@id\":\"https:\\\/\\\/www.oatlas.com\\\/en\\\/restauration\\\/#breadcrumb\"},\"inLanguage\":\"en-US\",\"potentialAction\":[{\"@type\":\"ReadAction\",\"target\":[[\"https:\\\/\\\/www.oatlas.com\\\/en\\\/restauration\\\/\"]]}]},{\"@type\":\"ImageObject\",\"inLanguage\":\"en-US\",\"@id\":\"https:\\\/\\\/www.oatlas.com\\\/en\\\/restauration\\\/#primaryimage\",\"url\":\"https:\\\/\\\/www.oatlas.com\\\/wp-content\\\/uploads\\\/2016\\\/10\\\/restauration.jpg\",\"contentUrl\":\"https:\\\/\\\/www.oatlas.com\\\/wp-content\\\/uploads\\\/2016\\\/10\\\/restauration.jpg\",\"width\":550,\"height\":460},{\"@type\":\"BreadcrumbList\",\"@id\":\"https:\\\/\\\/www.oatlas.com\\\/en\\\/restauration\\\/#breadcrumb\",\"itemListElement\":[{\"@type\":\"ListItem\",\"position\":1,\"name\":\"Accueil\",\"item\":\"https:\\\/\\\/www.oatlas.com\\\/en\\\/\"},{\"@type\":\"ListItem\",\"position\":2,\"name\":\"Restauration\"}]},{\"@type\":\"WebSite\",\"@id\":\"https:\\\/\\\/www.oatlas.com\\\/en\\\/#website\",\"url\":\"https:\\\/\\\/www.oatlas.com\\\/en\\\/\",\"name\":\"O'Atlas Marrakech\",\"description\":\"Guest House Marrakech\",\"publisher\":{\"@id\":\"https:\\\/\\\/www.oatlas.com\\\/en\\\/#organization\"},\"potentialAction\":[{\"@type\":\"SearchAction\",\"target\":{\"@type\":\"EntryPoint\",\"urlTemplate\":\"https:\\\/\\\/www.oatlas.com\\\/en\\\/?s={search_term_string}\"},\"query-input\":{\"@type\":\"PropertyValueSpecification\",\"valueRequired\":true,\"valueName\":\"search_term_string\"}}],\"inLanguage\":\"en-US\"},{\"@type\":\"Organization\",\"@id\":\"https:\\\/\\\/www.oatlas.com\\\/en\\\/#organization\",\"name\":\"O'atlas Marrakech\",\"url\":\"https:\\\/\\\/www.oatlas.com\\\/en\\\/\",\"logo\":{\"@type\":\"ImageObject\",\"inLanguage\":\"en-US\",\"@id\":\"https:\\\/\\\/www.oatlas.com\\\/en\\\/#\\\/schema\\\/logo\\\/image\\\/\",\"url\":\"https:\\\/\\\/www.oatlas.com\\\/wp-content\\\/uploads\\\/2020\\\/01\\\/mariage-a-marrakech-par-o-atlas-6.jpg\",\"contentUrl\":\"https:\\\/\\\/www.oatlas.com\\\/wp-content\\\/uploads\\\/2020\\\/01\\\/mariage-a-marrakech-par-o-atlas-6.jpg\",\"width\":1280,\"height\":798,\"caption\":\"O'atlas Marrakech\"},\"image\":{\"@id\":\"https:\\\/\\\/www.oatlas.com\\\/en\\\/#\\\/schema\\\/logo\\\/image\\\/\"},\"sameAs\":[\"https:\\\/\\\/www.facebook.com\\\/plagepriveoatlas\\\/\",\"https:\\\/\\\/www.instagram.com\\\/oatlas_palais\\\/\",\"https:\\\/\\\/www.youtube.com\\\/channel\\\/UCKwBAUHvyRK3VSnCHgnh6sw\"]}]}<\/script>\n<!-- \/ Yoast SEO plugin. -->","yoast_head_json":{"title":"O'Atlas offers a high quality menu and impeccable service O'Atlas offers a high quality menu and impeccable service","description":"O'Atlas catering: A high quality menu, The chef offers tasty and authentic cuisine","robots":{"index":"index","follow":"follow","max-snippet":"max-snippet:-1","max-image-preview":"max-image-preview:large","max-video-preview":"max-video-preview:-1"},"og_locale":"en_US","og_type":"article","og_title":"O'Atlas offers a high quality menu and impeccable service O'Atlas offers a high quality menu and impeccable service","og_description":"O'Atlas catering: A high quality menu, The chef offers tasty and authentic cuisine","og_url":"https:\/\/www.oatlas.com\/en\/restauration\/","og_site_name":"O'Atlas Marrakech","article_publisher":"https:\/\/www.facebook.com\/plagepriveoatlas\/","article_modified_time":"2025-06-23T12:28:28+00:00","og_image":[{"width":2560,"height":1707,"url":"https:\/\/www.oatlas.com\/wp-content\/uploads\/2024\/02\/Restauration-oatlas-marrakech-1-scaled.jpg","type":"image\/jpeg"}],"twitter_card":"summary_large_image","twitter_misc":{"Est. reading time":"2 minutes"},"schema":{"@context":"https:\/\/schema.org","@graph":[{"@type":"WebPage","@id":"https:\/\/www.oatlas.com\/en\/restauration\/","url":"https:\/\/www.oatlas.com\/en\/restauration\/","name":"O'Atlas offers a high quality menu and impeccable service O'Atlas offers a high quality menu and impeccable service","isPartOf":{"@id":"https:\/\/www.oatlas.com\/en\/#website"},"primaryImageOfPage":{"@id":"https:\/\/www.oatlas.com\/en\/restauration\/#primaryimage"},"image":{"@id":"https:\/\/www.oatlas.com\/restauration\/#primaryimage"},"thumbnailUrl":"https:\/\/www.oatlas.com\/wp-content\/uploads\/2016\/10\/restauration.jpg","datePublished":"2016-10-22T13:12:36+00:00","dateModified":"2025-06-23T12:28:28+00:00","description":"O'Atlas catering: A high quality menu, The chef offers tasty and authentic cuisine","breadcrumb":{"@id":"https:\/\/www.oatlas.com\/en\/restauration\/#breadcrumb"},"inLanguage":"en-US","potentialAction":[{"@type":"ReadAction","target":[["https:\/\/www.oatlas.com\/en\/restauration\/"]]}]},{"@type":"ImageObject","inLanguage":"en-US","@id":"https:\/\/www.oatlas.com\/en\/restauration\/#primaryimage","url":"https:\/\/www.oatlas.com\/wp-content\/uploads\/2016\/10\/restauration.jpg","contentUrl":"https:\/\/www.oatlas.com\/wp-content\/uploads\/2016\/10\/restauration.jpg","width":550,"height":460},{"@type":"BreadcrumbList","@id":"https:\/\/www.oatlas.com\/en\/restauration\/#breadcrumb","itemListElement":[{"@type":"ListItem","position":1,"name":"Accueil","item":"https:\/\/www.oatlas.com\/en\/"},{"@type":"ListItem","position":2,"name":"Restauration"}]},{"@type":"WebSite","@id":"https:\/\/www.oatlas.com\/en\/#website","url":"https:\/\/www.oatlas.com\/en\/","name":"O'Atlas Marrakech","description":"Guest House Marrakech","publisher":{"@id":"https:\/\/www.oatlas.com\/en\/#organization"},"potentialAction":[{"@type":"SearchAction","target":{"@type":"EntryPoint","urlTemplate":"https:\/\/www.oatlas.com\/en\/?s={search_term_string}"},"query-input":{"@type":"PropertyValueSpecification","valueRequired":true,"valueName":"search_term_string"}}],"inLanguage":"en-US"},{"@type":"Organization","@id":"https:\/\/www.oatlas.com\/en\/#organization","name":"O'atlas Marrakech","url":"https:\/\/www.oatlas.com\/en\/","logo":{"@type":"ImageObject","inLanguage":"en-US","@id":"https:\/\/www.oatlas.com\/en\/#\/schema\/logo\/image\/","url":"https:\/\/www.oatlas.com\/wp-content\/uploads\/2020\/01\/mariage-a-marrakech-par-o-atlas-6.jpg","contentUrl":"https:\/\/www.oatlas.com\/wp-content\/uploads\/2020\/01\/mariage-a-marrakech-par-o-atlas-6.jpg","width":1280,"height":798,"caption":"O'atlas Marrakech"},"image":{"@id":"https:\/\/www.oatlas.com\/en\/#\/schema\/logo\/image\/"},"sameAs":["https:\/\/www.facebook.com\/plagepriveoatlas\/","https:\/\/www.instagram.com\/oatlas_palais\/","https:\/\/www.youtube.com\/channel\/UCKwBAUHvyRK3VSnCHgnh6sw"]}]}},"_links":{"self":[{"href":"https:\/\/www.oatlas.com\/en\/wp-json\/wp\/v2\/pages\/28","targetHints":{"allow":["GET"]}}],"collection":[{"href":"https:\/\/www.oatlas.com\/en\/wp-json\/wp\/v2\/pages"}],"about":[{"href":"https:\/\/www.oatlas.com\/en\/wp-json\/wp\/v2\/types\/page"}],"author":[{"embeddable":true,"href":"https:\/\/www.oatlas.com\/en\/wp-json\/wp\/v2\/users\/1"}],"replies":[{"embeddable":true,"href":"https:\/\/www.oatlas.com\/en\/wp-json\/wp\/v2\/comments?post=28"}],"version-history":[{"count":46,"href":"https:\/\/www.oatlas.com\/en\/wp-json\/wp\/v2\/pages\/28\/revisions"}],"predecessor-version":[{"id":14810,"href":"https:\/\/www.oatlas.com\/en\/wp-json\/wp\/v2\/pages\/28\/revisions\/14810"}],"wp:featuredmedia":[{"embeddable":true,"href":"https:\/\/www.oatlas.com\/en\/wp-json\/wp\/v2\/media\/40"}],"wp:attachment":[{"href":"https:\/\/www.oatlas.com\/en\/wp-json\/wp\/v2\/media?parent=28"}],"curies":[{"name":"wp","href":"https:\/\/api.w.org\/{rel}","templated":true}]}}